{"id":9721,"date":"2023-05-23T10:01:18","date_gmt":"2023-05-23T07:01:18","guid":{"rendered":"http:\/\/ridos.com.tr\/?page_id=9721"},"modified":"2023-05-25T10:58:42","modified_gmt":"2023-05-25T07:58:42","slug":"haberler","status":"publish","type":"page","link":"https:\/\/ridos.com.tr\/ru\/\u043d\u043e\u0432\u043e\u0441\u0442\u0438\/","title":{"rendered":"\u041d\u043e\u0432\u043e\u0441\u0442\u0438"},"content":{"rendered":"<div data-elementor-type=\"wp-page\" data-elementor-id=\"9721\" class=\"elementor elementor-9721\">\n\t\t\t\t\t\t\t\t\t<section class=\"elementor-section elementor-top-section elementor-element elementor-element-3c665355 elementor-section-boxed elementor-section-height-default elementor-section-height-default\" data-id=\"3c665355\" data-element_type=\"section\">\n\t\t\t\t\t\t<div class=\"elementor-container elementor-column-gap-extended\">\n\t\t\t\t\t<div class=\"elementor-column elementor-col-50 elementor-top-column elementor-element elementor-element-32a51e7f\" data-id=\"32a51e7f\" data-element_type=\"column\">\n\t\t\t<div class=\"elementor-widget-wrap elementor-element-populated\">\n\t\t\t\t\t\t\t\t<div class=\"elementor-element elementor-element-652895b2 elementor-widget__width-auto elementor-widget elementor-widget-hub_fancy_heading\" data-id=\"652895b2\" data-element_type=\"widget\" data-widget_type=\"hub_fancy_heading.default\">\n\t\t\t\t<div class=\"elementor-widget-container\">\n\t\t\t\n\t\t<div id=\"ld-fancy-heading-69f1c8b6ec3ab\" class=\"ld-fancy-heading pos-rel\">\n\t\t\t<h6 class=\"ld-fh-element d-inline-block pos-rel  elementor-heading-title lqd-highlight-classic lqd-highlight-grow-left h6\"  > \u0421\u041c\u0418<\/h6>\t\t<\/div>\n\n\t\t\t\t<\/div>\n\t\t\t\t<\/div>\n\t\t\t\t<div class=\"elementor-element elementor-element-47871e8e elementor-widget elementor-widget-hub_fancy_heading\" data-id=\"47871e8e\" data-element_type=\"widget\" data-widget_type=\"hub_fancy_heading.default\">\n\t\t\t\t<div class=\"elementor-widget-container\">\n\t\t\t\n\t\t<div id=\"ld-fancy-heading-69f1c8b6ecba4\" class=\"ld-fancy-heading pos-rel\">\n\t\t\t<h1 class=\"ld-fh-element d-inline-block pos-rel  elementor-heading-title lqd-highlight-classic lqd-highlight-grow-left h1\"  > \u0413\u0440\u0443\u043f\u043f\u0430 \u0420\u0418\u0414\u041e\u0421<\/h1>\t\t<\/div>\n\n\t\t\t\t<\/div>\n\t\t\t\t<\/div>\n\t\t\t\t<div class=\"elementor-element elementor-element-5388a05 elementor-widget elementor-widget-hub_fancy_heading\" data-id=\"5388a05\" data-element_type=\"widget\" data-widget_type=\"hub_fancy_heading.default\">\n\t\t\t\t<div class=\"elementor-widget-container\">\n\t\t\t\n\t\t<div id=\"ld-fancy-heading-69f1c8b6ed214\" class=\"ld-fancy-heading pos-rel\">\n\t\t\t<h1 class=\"ld-fh-element d-inline-block pos-rel  elementor-heading-title lqd-highlight-classic lqd-highlight-grow-left h1\"  > \u041d\u043e\u0432\u043e\u0441\u0442\u0438<\/h1>\t\t<\/div>\n\n\t\t\t\t<\/div>\n\t\t\t\t<\/div>\n\t\t\t\t\t<\/div>\n\t\t<\/div>\n\t\t\t\t<div class=\"elementor-column elementor-col-50 elementor-top-column elementor-element elementor-element-270a9e2c\" data-id=\"270a9e2c\" data-element_type=\"column\">\n\t\t\t<div class=\"elementor-widget-wrap\">\n\t\t\t\t\t\t\t\t\t<\/div>\n\t\t<\/div>\n\t\t\t\t\t\t\t<\/div>\n\t\t<\/section>\n\t\t<div class=\"elementor-element elementor-element-31529f7 e-flex e-con-boxed e-con e-parent\" data-id=\"31529f7\" data-element_type=\"container\" data-settings=\"{&quot;content_width&quot;:&quot;boxed&quot;}\" data-core-v316-plus=\"true\">\n\t\t\t\t\t<div class=\"e-con-inner\">\n\t\t\t\t<div class=\"elementor-element elementor-element-e4d68ff elementor-widget elementor-widget-ld_blog\" data-id=\"e4d68ff\" data-element_type=\"widget\" data-widget_type=\"ld_blog.default\">\n\t\t\t\t<div class=\"elementor-widget-container\">\n\t\t\t<div class=\"lqd-lp-grid e4d68ff blog-id-239954175\"><div class=\"lqd-lp-row d-flex flex-wrap row pos-rel\" ><div class=\"lqd-lp-column d-flex flex-column col-md-12 haberler\"><article id=\"post-3500\" class=\"lqd-lp pos-rel lqd-lp-style-10 lqd-lp-hover-img-zoom lqd-lp-title-highlight text-start post-3500 post type-post status-publish format-standard has-post-thumbnail hentry category-haberler\"><div class=\"lqd-lp-img pos-rel mb-4 overflow-hidden\">\n\t<figure class=\"pos-rel overflow-hidden\"><img decoding=\"async\" width=\"600\" height=\"533\" src=\"https:\/\/ridos.com.tr\/wp-content\/uploads\/2023\/04\/kurutulmus-portakall.jpg\" class=\"w-100 wp-post-image\" alt=\"\" srcset=\"https:\/\/ridos.com.tr\/wp-content\/uploads\/2023\/04\/kurutulmus-portakall.jpg 600w, https:\/\/ridos.com.tr\/wp-content\/uploads\/2023\/04\/kurutulmus-portakall-14x12.jpg 14w\" sizes=\"(max-width: 600px) 100vw, 600px\" \/><\/figure>\t<footer class=\"lqd-lp-footer d-flex align-items-end justify-content-end pos-abs w-100 h-100\">\n\n\t\t<a href=\"https:\/\/ridos.com.tr\/ru\/happy-sun-kurutulmus-meyveler-dogadan-gelen-lezzeti-sofralara-tasiyor\/\" class=\"btn btn-solid border-none btn-xsm text-uppercase\">\n\t\t\t<span class=\"btn-txt\">read<\/span>\n\t\t\t<span class=\"btn-icon\">\n\t\t\t\t<i class=\"lqd-icn-ess icon-ion-ios-add\"><\/i>\n\t\t\t<\/span>\n\t\t<\/a>\n\n\t<\/footer>\n\n<\/div>\n\n<div class=\"lqd-lp-meta d-flex align-items-center p-0 mb-3\">\n\t\n\t<span class=\"screen-reader-text\">Tags <\/span><ul class=\"lqd-lp-cat reset-ul inline-nav pos-rel z-index-3 text-uppercase ltr-sp-1\"><li><a href=\"https:\/\/ridos.com.tr\/ru\/category\/haberler\/\" rel=\"category\">\u041d\u043e\u0432\u043e\u0441\u0442\u0438<\/a><\/li><\/ul>\n<\/div>\n\n<header class=\"lqd-lp-header mt-2 mb-3\">\n\t<h2 class=\"lqd-lp-title h5 m-0 pos-rel z-index-2\">\n\t\t<a href=\"https:\/\/ridos.com.tr\/ru\/happy-sun-kurutulmus-meyveler-dogadan-gelen-lezzeti-sofralara-tasiyor\/\" data-split-text=\"true\" data-split-options='{\"type\": \"lines\", \"disableOnMobile\": true}'>\u0421\u0443\u0445\u043e\u0444\u0440\u0443\u043a\u0442\u044b Happy Sun \u043f\u0440\u0438\u0432\u043d\u0435\u0441\u0443\u0442 \u043d\u0430 \u0441\u0442\u043e\u043b \u0432\u043a\u0443\u0441 \u043f\u0440\u0438\u0440\u043e\u0434\u044b<\/a>\n\t<\/h2>\n<\/header>\n\n<a  href=\"https:\/\/ridos.com.tr\/ru\/happy-sun-kurutulmus-meyveler-dogadan-gelen-lezzeti-sofralara-tasiyor\/\" class=\"lqd-lp-overlay-link lqd-overlay z-index-2\"><\/a><\/article><\/div><div class=\"lqd-lp-column d-flex flex-column col-md-12 blog haberler\"><article id=\"post-9969\" class=\"lqd-lp pos-rel lqd-lp-style-10 lqd-lp-hover-img-zoom lqd-lp-title-highlight text-start post-9969 post type-post status-publish format-standard has-post-thumbnail hentry category-blog category-haberler\"><div class=\"lqd-lp-img pos-rel mb-4 overflow-hidden\">\n\t<figure class=\"pos-rel overflow-hidden\"><img decoding=\"async\" width=\"600\" height=\"533\" src=\"data:image\/svg+xml;charset=utf-8,%3Csvg xmlns%3D&#039;http%3A%2F%2Fwww.w3.org%2F2000%2Fsvg&#039; viewBox%3D&#039;0 0 600 533&#039;%2F%3E\" class=\"w-100 ld-lazyload wp-post-image\" alt=\"\" data-src=\"https:\/\/ridos.com.tr\/wp-content\/uploads\/2023\/05\/tarihi-binalarin-restorasyonun-onemi.jpg\" data-srcset=\"https:\/\/ridos.com.tr\/wp-content\/uploads\/2023\/05\/tarihi-binalarin-restorasyonun-onemi.jpg 600w, https:\/\/ridos.com.tr\/wp-content\/uploads\/2023\/05\/tarihi-binalarin-restorasyonun-onemi-300x267.jpg 300w, https:\/\/ridos.com.tr\/wp-content\/uploads\/2023\/05\/tarihi-binalarin-restorasyonun-onemi-14x12.jpg 14w\" data-sizes=\"(max-width: 600px) 100vw, 600px\" data-aspect=\"1.125703564728\" \/><\/figure>\t<footer class=\"lqd-lp-footer d-flex align-items-end justify-content-end pos-abs w-100 h-100\">\n\n\t\t<a href=\"https:\/\/ridos.com.tr\/ru\/tarihi-binalarin-restorasyonu-iste-bilmeniz-gerekenler\/\" class=\"btn btn-solid border-none btn-xsm text-uppercase\">\n\t\t\t<span class=\"btn-txt\">read<\/span>\n\t\t\t<span class=\"btn-icon\">\n\t\t\t\t<i class=\"lqd-icn-ess icon-ion-ios-add\"><\/i>\n\t\t\t<\/span>\n\t\t<\/a>\n\n\t<\/footer>\n\n<\/div>\n\n<div class=\"lqd-lp-meta d-flex align-items-center p-0 mb-3\">\n\t\n\t<span class=\"screen-reader-text\">Tags <\/span><ul class=\"lqd-lp-cat reset-ul inline-nav pos-rel z-index-3 text-uppercase ltr-sp-1\"><li><a href=\"https:\/\/ridos.com.tr\/ru\/category\/blog\/\" rel=\"category\">\u0431\u043b\u043e\u0433<\/a><\/li><\/ul>\n<\/div>\n\n<header class=\"lqd-lp-header mt-2 mb-3\">\n\t<h2 class=\"lqd-lp-title h5 m-0 pos-rel z-index-2\">\n\t\t<a href=\"https:\/\/ridos.com.tr\/ru\/tarihi-binalarin-restorasyonu-iste-bilmeniz-gerekenler\/\" data-split-text=\"true\" data-split-options='{\"type\": \"lines\", \"disableOnMobile\": true}'>\u0412\u043e\u0441\u0441\u0442\u0430\u043d\u043e\u0432\u043b\u0435\u043d\u0438\u0435 \u0438\u0441\u0442\u043e\u0440\u0438\u0447\u0435\u0441\u043a\u0438\u0445 \u0437\u0434\u0430\u043d\u0438\u0439: \u0432\u043e\u0442 \u0447\u0442\u043e \u0432\u0430\u043c \u043d\u0443\u0436\u043d\u043e \u0437\u043d\u0430\u0442\u044c<\/a>\n\t<\/h2>\n<\/header>\n\n<a  href=\"https:\/\/ridos.com.tr\/ru\/tarihi-binalarin-restorasyonu-iste-bilmeniz-gerekenler\/\" class=\"lqd-lp-overlay-link lqd-overlay z-index-2\"><\/a><\/article><\/div><\/div><!--\/ .row --><\/div><!--\/ .lqd-lp-grid -->\t\t<\/div>\n\t\t\t\t<\/div>\n\t\t\t\t\t<\/div>\n\t\t\t\t<\/div>\n\t\t\t\t\t\t\t<\/div>","protected":false},"excerpt":{"rendered":"<p>\u041c\u0435\u0434\u0438\u0430 RIDOS Group \u0427\u0438\u0442\u0430\u0442\u044c \u043d\u043e\u0432\u043e\u0441\u0442\u0438 \u0422\u0435\u0433\u0438 \u041d\u043e\u0432\u043e\u0441\u0442\u0438 Happy Sun \u0421\u0443\u0448\u0435\u043d\u044b\u0435 \u0444\u0440\u0443\u043a\u0442\u044b \u043f\u0440\u0438\u043d\u043e\u0441\u044f\u0442 \u0432\u043a\u0443\u0441 \u043f\u0440\u0438\u0440\u043e\u0434\u044b \u043a \u0441\u0442\u043e\u043b\u0443<\/p>","protected":false},"author":1,"featured_media":0,"parent":0,"menu_order":0,"comment_status":"closed","ping_status":"closed","template":"","meta":{"footnotes":""},"class_list":["post-9721","page","type-page","status-publish","hentry"],"yoast_head":"<!-- This site is optimized with the Yoast SEO Premium plugin v20.6 (Yoast SEO v21.2) - https:\/\/yoast.com\/wordpress\/plugins\/seo\/ -->\n<title>Haberler - RIDOS Grup<\/title>\n<meta name=\"robots\" content=\"index, follow, max-snippet:-1, max-image-preview:large, max-video-preview:-1\" \/>\n<link rel=\"canonical\" href=\"https:\/\/ridos.com.tr\/ru\/\u043d\u043e\u0432\u043e\u0441\u0442\u0438\/\" \/>\n<meta property=\"og:locale\" content=\"ru_RU\" \/>\n<meta property=\"og:type\" content=\"article\" \/>\n<meta property=\"og:title\" content=\"Haberler\" \/>\n<meta property=\"og:description\" content=\"Medya RIDOS Grup Haberler oku Tags Haberler Happy Sun Kurutulmu\u015f Meyveler, Do\u011fadan Gelen Lezzeti Sofralara Ta\u015f\u0131yor\" \/>\n<meta property=\"og:url\" content=\"https:\/\/ridos.com.tr\/ru\/\u043d\u043e\u0432\u043e\u0441\u0442\u0438\/\" \/>\n<meta property=\"og:site_name\" content=\"RIDOS Grup\" \/>\n<meta property=\"article:publisher\" content=\"https:\/\/www.facebook.com\/ridosgrup\/\" \/>\n<meta property=\"article:modified_time\" content=\"2023-05-25T07:58:42+00:00\" \/>\n<meta property=\"og:image\" content=\"http:\/\/ridos.com.tr\/wp-content\/uploads\/2023\/04\/kurutulmus-portakall.jpg\" \/>\n<meta name=\"twitter:card\" content=\"summary_large_image\" \/>\n<meta name=\"twitter:site\" content=\"@ridosgrup\" \/>\n<meta name=\"twitter:label1\" content=\"\u041f\u0440\u0438\u043c\u0435\u0440\u043d\u043e\u0435 \u0432\u0440\u0435\u043c\u044f \u0434\u043b\u044f \u0447\u0442\u0435\u043d\u0438\u044f\" \/>\n\t<meta name=\"twitter:data1\" content=\"1 \u043c\u0438\u043d\u0443\u0442\u0430\" \/>\n<script type=\"application\/ld+json\" class=\"yoast-schema-graph\">{\"@context\":\"https:\/\/schema.org\",\"@graph\":[{\"@type\":\"WebPage\",\"@id\":\"https:\/\/ridos.com.tr\/haberler\/\",\"url\":\"https:\/\/ridos.com.tr\/haberler\/\",\"name\":\"Haberler - RIDOS Grup\",\"isPartOf\":{\"@id\":\"https:\/\/ridos.com.tr\/#website\"},\"datePublished\":\"2023-05-23T07:01:18+00:00\",\"dateModified\":\"2023-05-25T07:58:42+00:00\",\"breadcrumb\":{\"@id\":\"https:\/\/ridos.com.tr\/haberler\/#breadcrumb\"},\"inLanguage\":\"ru-RU\",\"potentialAction\":[{\"@type\":\"ReadAction\",\"target\":[\"https:\/\/ridos.com.tr\/haberler\/\"]}]},{\"@type\":\"BreadcrumbList\",\"@id\":\"https:\/\/ridos.com.tr\/haberler\/#breadcrumb\",\"itemListElement\":[{\"@type\":\"ListItem\",\"position\":1,\"name\":\"Home\",\"item\":\"https:\/\/ridos.com.tr\/\"},{\"@type\":\"ListItem\",\"position\":2,\"name\":\"Haberler\"}]},{\"@type\":\"WebSite\",\"@id\":\"https:\/\/ridos.com.tr\/#website\",\"url\":\"https:\/\/ridos.com.tr\/\",\"name\":\"RIDOS Grup\",\"description\":\"Yar\u0131na bug\u00fcnden g\u00fc\u00e7 katarak\",\"publisher\":{\"@id\":\"https:\/\/ridos.com.tr\/#organization\"},\"alternateName\":\"r\u0131dos restorasyon, r\u0131dos in\u015faat\",\"potentialAction\":[{\"@type\":\"SearchAction\",\"target\":{\"@type\":\"EntryPoint\",\"urlTemplate\":\"https:\/\/ridos.com.tr\/?s={search_term_string}\"},\"query-input\":\"required name=search_term_string\"}],\"inLanguage\":\"ru-RU\"},{\"@type\":\"Organization\",\"@id\":\"https:\/\/ridos.com.tr\/#organization\",\"name\":\"RIDOS Grup\",\"url\":\"https:\/\/ridos.com.tr\/\",\"logo\":{\"@type\":\"ImageObject\",\"inLanguage\":\"ru-RU\",\"@id\":\"https:\/\/ridos.com.tr\/#\/schema\/logo\/image\/\",\"url\":\"http:\/\/ridos.com.tr\/wp-content\/uploads\/2023\/05\/ridos-grup-logo.png\",\"contentUrl\":\"http:\/\/ridos.com.tr\/wp-content\/uploads\/2023\/05\/ridos-grup-logo.png\",\"width\":7500,\"height\":6631,\"caption\":\"RIDOS Grup\"},\"image\":{\"@id\":\"https:\/\/ridos.com.tr\/#\/schema\/logo\/image\/\"},\"sameAs\":[\"https:\/\/www.facebook.com\/ridosgrup\/\",\"https:\/\/twitter.com\/ridosgrup\",\"https:\/\/www.instagram.com\/ridosgrup\/\",\"https:\/\/www.youtube.com\/@ridosgrup\"]}]}<\/script>\n<!-- \/ Yoast SEO Premium plugin. -->","yoast_head_json":{"title":"Haberler - RIDOS Grup","robots":{"index":"index","follow":"follow","max-snippet":"max-snippet:-1","max-image-preview":"max-image-preview:large","max-video-preview":"max-video-preview:-1"},"canonical":"https:\/\/ridos.com.tr\/ru\/\u043d\u043e\u0432\u043e\u0441\u0442\u0438\/","og_locale":"ru_RU","og_type":"article","og_title":"Haberler","og_description":"Medya RIDOS Grup Haberler oku Tags Haberler Happy Sun Kurutulmu\u015f Meyveler, Do\u011fadan Gelen Lezzeti Sofralara Ta\u015f\u0131yor","og_url":"https:\/\/ridos.com.tr\/ru\/\u043d\u043e\u0432\u043e\u0441\u0442\u0438\/","og_site_name":"RIDOS Grup","article_publisher":"https:\/\/www.facebook.com\/ridosgrup\/","article_modified_time":"2023-05-25T07:58:42+00:00","og_image":[{"url":"http:\/\/ridos.com.tr\/wp-content\/uploads\/2023\/04\/kurutulmus-portakall.jpg"}],"twitter_card":"summary_large_image","twitter_site":"@ridosgrup","twitter_misc":{"\u041f\u0440\u0438\u043c\u0435\u0440\u043d\u043e\u0435 \u0432\u0440\u0435\u043c\u044f \u0434\u043b\u044f \u0447\u0442\u0435\u043d\u0438\u044f":"1 \u043c\u0438\u043d\u0443\u0442\u0430"},"schema":{"@context":"https:\/\/schema.org","@graph":[{"@type":"WebPage","@id":"https:\/\/ridos.com.tr\/haberler\/","url":"https:\/\/ridos.com.tr\/haberler\/","name":"Haberler - RIDOS Grup","isPartOf":{"@id":"https:\/\/ridos.com.tr\/#website"},"datePublished":"2023-05-23T07:01:18+00:00","dateModified":"2023-05-25T07:58:42+00:00","breadcrumb":{"@id":"https:\/\/ridos.com.tr\/haberler\/#breadcrumb"},"inLanguage":"ru-RU","potentialAction":[{"@type":"ReadAction","target":["https:\/\/ridos.com.tr\/haberler\/"]}]},{"@type":"BreadcrumbList","@id":"https:\/\/ridos.com.tr\/haberler\/#breadcrumb","itemListElement":[{"@type":"ListItem","position":1,"name":"Home","item":"https:\/\/ridos.com.tr\/"},{"@type":"ListItem","position":2,"name":"Haberler"}]},{"@type":"WebSite","@id":"https:\/\/ridos.com.tr\/#website","url":"https:\/\/ridos.com.tr\/","name":"RIDOS Grup","description":"Yar\u0131na bug\u00fcnden g\u00fc\u00e7 katarak","publisher":{"@id":"https:\/\/ridos.com.tr\/#organization"},"alternateName":"r\u0131dos restorasyon, r\u0131dos in\u015faat","potentialAction":[{"@type":"SearchAction","target":{"@type":"EntryPoint","urlTemplate":"https:\/\/ridos.com.tr\/?s={search_term_string}"},"query-input":"required name=search_term_string"}],"inLanguage":"ru-RU"},{"@type":"Organization","@id":"https:\/\/ridos.com.tr\/#organization","name":"RIDOS Grup","url":"https:\/\/ridos.com.tr\/","logo":{"@type":"ImageObject","inLanguage":"ru-RU","@id":"https:\/\/ridos.com.tr\/#\/schema\/logo\/image\/","url":"http:\/\/ridos.com.tr\/wp-content\/uploads\/2023\/05\/ridos-grup-logo.png","contentUrl":"http:\/\/ridos.com.tr\/wp-content\/uploads\/2023\/05\/ridos-grup-logo.png","width":7500,"height":6631,"caption":"RIDOS Grup"},"image":{"@id":"https:\/\/ridos.com.tr\/#\/schema\/logo\/image\/"},"sameAs":["https:\/\/www.facebook.com\/ridosgrup\/","https:\/\/twitter.com\/ridosgrup","https:\/\/www.instagram.com\/ridosgrup\/","https:\/\/www.youtube.com\/@ridosgrup"]}]}},"_links":{"self":[{"href":"https:\/\/ridos.com.tr\/ru\/wp-json\/wp\/v2\/pages\/9721","targetHints":{"allow":["GET"]}}],"collection":[{"href":"https:\/\/ridos.com.tr\/ru\/wp-json\/wp\/v2\/pages"}],"about":[{"href":"https:\/\/ridos.com.tr\/ru\/wp-json\/wp\/v2\/types\/page"}],"author":[{"embeddable":true,"href":"https:\/\/ridos.com.tr\/ru\/wp-json\/wp\/v2\/users\/1"}],"replies":[{"embeddable":true,"href":"https:\/\/ridos.com.tr\/ru\/wp-json\/wp\/v2\/comments?post=9721"}],"version-history":[{"count":13,"href":"https:\/\/ridos.com.tr\/ru\/wp-json\/wp\/v2\/pages\/9721\/revisions"}],"predecessor-version":[{"id":9986,"href":"https:\/\/ridos.com.tr\/ru\/wp-json\/wp\/v2\/pages\/9721\/revisions\/9986"}],"wp:attachment":[{"href":"https:\/\/ridos.com.tr\/ru\/wp-json\/wp\/v2\/media?parent=9721"}],"curies":[{"name":"wp","href":"https:\/\/api.w.org\/{rel}","templated":true}]}}