{"id":9688,"date":"2023-05-22T17:21:28","date_gmt":"2023-05-22T14:21:28","guid":{"rendered":"http:\/\/ridos.com.tr\/?page_id=9688"},"modified":"2023-05-23T10:00:03","modified_gmt":"2023-05-23T07:00:03","slug":"medya","status":"publish","type":"page","link":"https:\/\/ridos.com.tr\/ru\/\u0441\u043c\u0438\/","title":{"rendered":"\u0421\u041c\u0418"},"content":{"rendered":"<div data-elementor-type=\"wp-page\" data-elementor-id=\"9688\" class=\"elementor elementor-9688\">\n\t\t\t\t\t\t\t\t\t<section class=\"elementor-section elementor-top-section elementor-element elementor-element-4fd5bde1 elementor-section-boxed elementor-section-height-default elementor-section-height-default\" data-id=\"4fd5bde1\" data-element_type=\"section\">\n\t\t\t\t\t\t<div class=\"elementor-container elementor-column-gap-extended\">\n\t\t\t\t\t<div class=\"elementor-column elementor-col-50 elementor-top-column elementor-element elementor-element-1cc03ced\" data-id=\"1cc03ced\" data-element_type=\"column\">\n\t\t\t<div class=\"elementor-widget-wrap elementor-element-populated\">\n\t\t\t\t\t\t\t\t<div class=\"elementor-element elementor-element-3a417192 elementor-widget__width-auto elementor-widget elementor-widget-hub_fancy_heading\" data-id=\"3a417192\" data-element_type=\"widget\" data-widget_type=\"hub_fancy_heading.default\">\n\t\t\t\t<div class=\"elementor-widget-container\">\n\t\t\t\n\t\t<div id=\"ld-fancy-heading-69db5240c19cf\" class=\"ld-fancy-heading pos-rel\">\n\t\t\t<h6 class=\"ld-fh-element d-inline-block pos-rel  elementor-heading-title lqd-highlight-classic lqd-highlight-grow-left h6\"  > \u0421\u041c\u0418<\/h6>\t\t<\/div>\n\n\t\t\t\t<\/div>\n\t\t\t\t<\/div>\n\t\t\t\t<div class=\"elementor-element elementor-element-317cab97 elementor-widget elementor-widget-hub_fancy_heading\" data-id=\"317cab97\" data-element_type=\"widget\" data-widget_type=\"hub_fancy_heading.default\">\n\t\t\t\t<div class=\"elementor-widget-container\">\n\t\t\t\n\t\t<div id=\"ld-fancy-heading-69db5240c25fe\" class=\"ld-fancy-heading pos-rel\">\n\t\t\t<h1 class=\"ld-fh-element d-inline-block pos-rel  elementor-heading-title lqd-highlight-classic lqd-highlight-grow-left h1\"  > \u0438\u043d\u0441\u0442\u0438\u0442\u0443\u0446\u0438\u043e\u043d\u0430\u043b\u044c\u043d\u044b\u0439<\/h1>\t\t<\/div>\n\n\t\t\t\t<\/div>\n\t\t\t\t<\/div>\n\t\t\t\t<div class=\"elementor-element elementor-element-77fe9930 elementor-widget elementor-widget-hub_fancy_heading\" data-id=\"77fe9930\" data-element_type=\"widget\" data-widget_type=\"hub_fancy_heading.default\">\n\t\t\t\t<div class=\"elementor-widget-container\">\n\t\t\t\n\t\t<div id=\"ld-fancy-heading-69db5240c2c94\" class=\"ld-fancy-heading pos-rel\">\n\t\t\t<h1 class=\"ld-fh-element d-inline-block pos-rel  elementor-heading-title lqd-highlight-classic lqd-highlight-grow-left h1\"  > \u041b\u0438\u0447\u043d\u043e\u0441\u0442\u044c<\/h1>\t\t<\/div>\n\n\t\t\t\t<\/div>\n\t\t\t\t<\/div>\n\t\t\t\t\t<\/div>\n\t\t<\/div>\n\t\t\t\t<div class=\"elementor-column elementor-col-50 elementor-top-column elementor-element elementor-element-7e6c072f\" data-id=\"7e6c072f\" data-element_type=\"column\">\n\t\t\t<div class=\"elementor-widget-wrap elementor-element-populated\">\n\t\t\t\t\t\t\t\t<div class=\"elementor-element elementor-element-67b1980 elementor-widget elementor-widget-image\" data-id=\"67b1980\" data-element_type=\"widget\" data-widget_type=\"image.default\">\n\t\t\t\t<div class=\"elementor-widget-container\">\n\t\t\t<style>\/*! elementor - v3.16.0 - 20-09-2023 *\/\n.elementor-widget-image{text-align:center}.elementor-widget-image a{display:inline-block}.elementor-widget-image a img[src$=\".svg\"]{width:48px}.elementor-widget-image img{vertical-align:middle;display:inline-block}<\/style>\t\t\t\t\t\t\t\t\t\t\t\t<img decoding=\"async\" width=\"780\" height=\"520\" src=\"https:\/\/ridos.com.tr\/wp-content\/uploads\/2023\/05\/Ridos-logo-mockup-1024x683.jpg\" class=\"attachment-large size-large wp-image-9707\" alt=\"\" srcset=\"https:\/\/ridos.com.tr\/wp-content\/uploads\/2023\/05\/Ridos-logo-mockup-1024x683.jpg 1024w, https:\/\/ridos.com.tr\/wp-content\/uploads\/2023\/05\/Ridos-logo-mockup-300x200.jpg 300w, https:\/\/ridos.com.tr\/wp-content\/uploads\/2023\/05\/Ridos-logo-mockup-1536x1024.jpg 1536w, https:\/\/ridos.com.tr\/wp-content\/uploads\/2023\/05\/Ridos-logo-mockup-2048x1365.jpg 2048w, https:\/\/ridos.com.tr\/wp-content\/uploads\/2023\/05\/Ridos-logo-mockup-720x480.jpg 720w, https:\/\/ridos.com.tr\/wp-content\/uploads\/2023\/05\/Ridos-logo-mockup-18x12.jpg 18w\" sizes=\"(max-width: 780px) 100vw, 780px\" \/>\t\t\t\t\t\t\t\t\t\t\t\t\t\t\t<\/div>\n\t\t\t\t<\/div>\n\t\t\t\t\t<\/div>\n\t\t<\/div>\n\t\t\t\t\t\t\t<\/div>\n\t\t<\/section>\n\t\t<div class=\"elementor-element elementor-element-dacead9 e-flex e-con-boxed e-con e-parent\" data-id=\"dacead9\" data-element_type=\"container\" data-settings=\"{&quot;content_width&quot;:&quot;boxed&quot;}\" data-core-v316-plus=\"true\">\n\t\t\t\t\t<div class=\"e-con-inner\">\n\t\t<div class=\"elementor-element elementor-element-400fe0d e-con-full e-flex e-con e-parent\" data-id=\"400fe0d\" data-element_type=\"container\" data-settings=\"{&quot;content_width&quot;:&quot;full&quot;}\" data-core-v316-plus=\"true\">\n\t\t\t\t<div class=\"elementor-element elementor-element-7d4bbee elementor-widget elementor-widget-image\" data-id=\"7d4bbee\" data-element_type=\"widget\" data-widget_type=\"image.default\">\n\t\t\t\t<div class=\"elementor-widget-container\">\n\t\t\t\t\t\t\t\t\t\t\t\t\t\t\t<img decoding=\"async\" width=\"780\" height=\"689\" src=\"data:image\/svg+xml;charset=utf-8,%3Csvg xmlns%3D&#039;http%3A%2F%2Fwww.w3.org%2F2000%2Fsvg&#039; viewBox%3D&#039;0 0 1024 905&#039;%2F%3E\" class=\"attachment-large size-large wp-image-9695 ld-lazyload\" alt=\"\" data-src=\"https:\/\/ridos.com.tr\/wp-content\/uploads\/2023\/05\/ridos-grup-logo-1024x905.png\" data-srcset=\"https:\/\/ridos.com.tr\/wp-content\/uploads\/2023\/05\/ridos-grup-logo-1024x905.png 1024w, https:\/\/ridos.com.tr\/wp-content\/uploads\/2023\/05\/ridos-grup-logo-300x265.png 300w, https:\/\/ridos.com.tr\/wp-content\/uploads\/2023\/05\/ridos-grup-logo-2048x1811.png 2048w, https:\/\/ridos.com.tr\/wp-content\/uploads\/2023\/05\/ridos-grup-logo-1536x1358.png 1536w, https:\/\/ridos.com.tr\/wp-content\/uploads\/2023\/05\/ridos-grup-logo-14x12.png 14w\" data-sizes=\"(max-width: 780px) 100vw, 780px\" data-aspect=\"1.1314917127072\" \/>\t\t\t\t\t\t\t\t\t\t\t\t\t\t\t<\/div>\n\t\t\t\t<\/div>\n\t\t\t\t<\/div>\n\t\t<div class=\"elementor-element elementor-element-1747ad2 e-con-full e-flex e-con e-parent\" data-id=\"1747ad2\" data-element_type=\"container\" data-settings=\"{&quot;content_width&quot;:&quot;full&quot;}\" data-core-v316-plus=\"true\">\n\t\t\t\t<div class=\"elementor-element elementor-element-5afc8c2 elementor-widget elementor-widget-text-editor\" data-id=\"5afc8c2\" data-element_type=\"widget\" data-widget_type=\"text-editor.default\">\n\t\t\t\t<div class=\"elementor-widget-container\">\n\t\t\t<style>\/*! elementor - v3.16.0 - 20-09-2023 *\/\n.elementor-widget-text-editor.elementor-drop-cap-view-stacked .elementor-drop-cap{background-color:#69727d;color:#fff}.elementor-widget-text-editor.elementor-drop-cap-view-framed .elementor-drop-cap{color:#69727d;border:3px solid;background-color:transparent}.elementor-widget-text-editor:not(.elementor-drop-cap-view-default) .elementor-drop-cap{margin-top:8px}.elementor-widget-text-editor:not(.elementor-drop-cap-view-default) .elementor-drop-cap-letter{width:1em;height:1em}.elementor-widget-text-editor .elementor-drop-cap{float:left;text-align:center;line-height:1;font-size:50px}.elementor-widget-text-editor .elementor-drop-cap-letter{display:inline-block}<\/style>\t\t\t\t<p>\u00a0<\/p><p class=\"color_green f_w_700 p_m_b_0\">\u041f\u0430\u043d\u0442\u043e\u043d 2766 \u0421<\/p><p class=\"f_w_700 p_m_b_0\">CMYK<\/p><p class=\"f_w_300 p_m_b_0\">C35 M29 Y0 K50<\/p><p class=\"f_w_700 p_m_b_0\">RGB<\/p><p class=\"f_w_300\">\u042038 \u041354 \u0411128<\/p>\t\t\t\t\t\t<\/div>\n\t\t\t\t<\/div>\n\t\t\t\t<\/div>\n\t\t<div class=\"elementor-element elementor-element-6870dd7 e-con-full e-flex e-con e-parent\" data-id=\"6870dd7\" data-element_type=\"container\" data-settings=\"{&quot;content_width&quot;:&quot;full&quot;}\" data-core-v316-plus=\"true\">\n\t\t\t\t<\/div>\n\t\t<div class=\"elementor-element elementor-element-cc1b604 e-con-full e-flex e-con e-parent\" data-id=\"cc1b604\" data-element_type=\"container\" data-settings=\"{&quot;content_width&quot;:&quot;full&quot;}\" data-core-v316-plus=\"true\">\n\t\t\t\t<\/div>\n\t\t<div class=\"elementor-element elementor-element-f0d5e0f e-con-full e-flex e-con e-parent\" data-id=\"f0d5e0f\" data-element_type=\"container\" data-settings=\"{&quot;content_width&quot;:&quot;full&quot;}\" data-core-v316-plus=\"true\">\n\t\t\t\t<div class=\"elementor-element elementor-element-aa18ff3 elementor-widget elementor-widget-heading\" data-id=\"aa18ff3\" data-element_type=\"widget\" data-widget_type=\"heading.default\">\n\t\t\t\t<div class=\"elementor-widget-container\">\n\t\t\t<style>\/*! elementor - v3.16.0 - 20-09-2023 *\/\n.elementor-heading-title{padding:0;margin:0;line-height:1}.elementor-widget-heading .elementor-heading-title[class*=elementor-size-]>a{color:inherit;font-size:inherit;line-height:inherit}.elementor-widget-heading .elementor-heading-title.elementor-size-small{font-size:15px}.elementor-widget-heading .elementor-heading-title.elementor-size-medium{font-size:19px}.elementor-widget-heading .elementor-heading-title.elementor-size-large{font-size:29px}.elementor-widget-heading .elementor-heading-title.elementor-size-xl{font-size:39px}.elementor-widget-heading .elementor-heading-title.elementor-size-xxl{font-size:59px}<\/style><h4 class=\"elementor-heading-title elementor-size-default\">\u041b\u043e\u0433\u043e\u0442\u0438\u043f \u0420\u0438\u0434\u043e\u0441<\/h4>\t\t<\/div>\n\t\t\t\t<\/div>\n\t\t\t\t<div class=\"elementor-element elementor-element-5df1862 elementor-widget elementor-widget-ld_button\" data-id=\"5df1862\" data-element_type=\"widget\" data-widget_type=\"ld_button.default\">\n\t\t\t\t<div class=\"elementor-widget-container\">\n\t\t\t\n\t\t<a  href=\"http:\/\/ridos.com.tr\/wp-content\/uploads\/2023\/05\/23052023_ridos-logo.zip\" class=\"elementor-button btn align-items-center justify-content-center pos-rel overflow-hidden ws-nowrap btn-solid btn-icon-right btn-has-label\" >\n\t\t\t\t\t\t\t<span class=\"btn-txt d-block pos-rel z-index-3\"  data-text=\"ZIP\" >\n\t\t\t\t\t\t\t\t\t\t\tZIP\t\t\t\t\t\t\t\t\t<\/span>\n\t\t\t\t\t\t\t\t\t\t\t<span class=\"btn-icon pos-rel z-index-3\">\n\t\t\t\t\t\t<i aria-hidden=\"true\" class=\"fas fa-angle-double-down\"><\/i>\t\t\t\t\t<\/span>\n\t\t\t\t\t\t\t<\/a>\n\n\t\t\t\t<\/div>\n\t\t\t\t<\/div>\n\t\t\t\t<\/div>\n\t\t<div class=\"elementor-element elementor-element-6d1d440 e-con-full e-flex e-con e-parent\" data-id=\"6d1d440\" data-element_type=\"container\" data-settings=\"{&quot;content_width&quot;:&quot;full&quot;}\" data-core-v316-plus=\"true\">\n\t\t\t\t<div class=\"elementor-element elementor-element-f467bd1 elementor-widget elementor-widget-heading\" data-id=\"f467bd1\" data-element_type=\"widget\" data-widget_type=\"heading.default\">\n\t\t\t\t<div class=\"elementor-widget-container\">\n\t\t\t<h4 class=\"elementor-heading-title elementor-size-default\">\u0420\u0443\u043a\u043e\u0432\u043e\u0434\u0441\u0442\u0432\u043e \u043f\u043e \u0444\u0438\u0440\u043c\u0435\u043d\u043d\u043e\u043c\u0443 \u0441\u0442\u0438\u043b\u044e R\u0131dos<\/h4>\t\t<\/div>\n\t\t\t\t<\/div>\n\t\t\t\t<div class=\"elementor-element elementor-element-03fb979 elementor-widget elementor-widget-ld_button\" data-id=\"03fb979\" data-element_type=\"widget\" data-widget_type=\"ld_button.default\">\n\t\t\t\t<div class=\"elementor-widget-container\">\n\t\t\t\n\t\t<a  href=\"#\" class=\"elementor-button btn align-items-center justify-content-center pos-rel overflow-hidden ws-nowrap btn-solid btn-icon-right btn-has-label\" >\n\t\t\t\t\t\t\t<span class=\"btn-txt d-block pos-rel z-index-3\"  data-text=\"PDF\" >\n\t\t\t\t\t\t\t\t\t\t\tPDF\t\t\t\t\t\t\t\t\t<\/span>\n\t\t\t\t\t\t\t\t\t\t\t<span class=\"btn-icon pos-rel z-index-3\">\n\t\t\t\t\t\t<i aria-hidden=\"true\" class=\"far fa-file-pdf\"><\/i>\t\t\t\t\t<\/span>\n\t\t\t\t\t\t\t<\/a>\n\n\t\t\t\t<\/div>\n\t\t\t\t<\/div>\n\t\t\t\t<\/div>\n\t\t\t\t\t<\/div>\n\t\t\t\t<\/div>\n\t\t\t\t\t\t\t<\/div>","protected":false},"excerpt":{"rendered":"<p>\u041c\u0435\u0434\u0438\u0430 \u0424\u0438\u0440\u043c\u0435\u043d\u043d\u044b\u0439 \u0441\u0442\u0438\u043b\u044c Pantone 2766 C CMYK C35 M29 Y0 K50 RGB R38 G54 B128 R\u0131dos Logo ZIP \u0420\u0443\u043a\u043e\u0432\u043e\u0434\u0441\u0442\u0432\u043e \u043f\u043e \u0444\u0438\u0440\u043c\u0435\u043d\u043d\u043e\u043c\u0443 \u0441\u0442\u0438\u043b\u044e R\u0131dos PDF<\/p>","protected":false},"author":1,"featured_media":0,"parent":0,"menu_order":0,"comment_status":"closed","ping_status":"closed","template":"","meta":{"footnotes":""},"class_list":["post-9688","page","type-page","status-publish","hentry"],"yoast_head":"<!-- This site is optimized with the Yoast SEO Premium plugin v20.6 (Yoast SEO v21.2) - https:\/\/yoast.com\/wordpress\/plugins\/seo\/ -->\n<title>Medya - RIDOS Grup<\/title>\n<meta name=\"robots\" content=\"index, follow, max-snippet:-1, max-image-preview:large, max-video-preview:-1\" \/>\n<link rel=\"canonical\" href=\"https:\/\/ridos.com.tr\/ru\/\u0441\u043c\u0438\/\" \/>\n<meta property=\"og:locale\" content=\"ru_RU\" \/>\n<meta property=\"og:type\" content=\"article\" \/>\n<meta property=\"og:title\" content=\"Medya\" \/>\n<meta property=\"og:description\" content=\"Medya Kurumsal Kimlik \u00a0 Pantone 2766 C CMYK C35 M29 Y0 K50 RGB R38 G54 B128 R\u0131dos Logo ZIP R\u0131dos Kurumsal Kimlik K\u0131lavuzu PDF\" \/>\n<meta property=\"og:url\" content=\"https:\/\/ridos.com.tr\/ru\/\u0441\u043c\u0438\/\" \/>\n<meta property=\"og:site_name\" content=\"RIDOS Grup\" \/>\n<meta property=\"article:publisher\" content=\"https:\/\/www.facebook.com\/ridosgrup\/\" \/>\n<meta property=\"article:modified_time\" content=\"2023-05-23T07:00:03+00:00\" \/>\n<meta property=\"og:image\" content=\"http:\/\/ridos.com.tr\/wp-content\/uploads\/2023\/05\/Ridos-logo-mockup-1024x683.jpg\" \/>\n<meta name=\"twitter:card\" content=\"summary_large_image\" \/>\n<meta name=\"twitter:site\" content=\"@ridosgrup\" \/>\n<script type=\"application\/ld+json\" class=\"yoast-schema-graph\">{\"@context\":\"https:\/\/schema.org\",\"@graph\":[{\"@type\":\"WebPage\",\"@id\":\"https:\/\/ridos.com.tr\/medya\/\",\"url\":\"https:\/\/ridos.com.tr\/medya\/\",\"name\":\"Medya - RIDOS Grup\",\"isPartOf\":{\"@id\":\"https:\/\/ridos.com.tr\/#website\"},\"datePublished\":\"2023-05-22T14:21:28+00:00\",\"dateModified\":\"2023-05-23T07:00:03+00:00\",\"breadcrumb\":{\"@id\":\"https:\/\/ridos.com.tr\/medya\/#breadcrumb\"},\"inLanguage\":\"ru-RU\",\"potentialAction\":[{\"@type\":\"ReadAction\",\"target\":[\"https:\/\/ridos.com.tr\/medya\/\"]}]},{\"@type\":\"BreadcrumbList\",\"@id\":\"https:\/\/ridos.com.tr\/medya\/#breadcrumb\",\"itemListElement\":[{\"@type\":\"ListItem\",\"position\":1,\"name\":\"Home\",\"item\":\"https:\/\/ridos.com.tr\/\"},{\"@type\":\"ListItem\",\"position\":2,\"name\":\"Medya\"}]},{\"@type\":\"WebSite\",\"@id\":\"https:\/\/ridos.com.tr\/#website\",\"url\":\"https:\/\/ridos.com.tr\/\",\"name\":\"RIDOS Grup\",\"description\":\"Yar\u0131na bug\u00fcnden g\u00fc\u00e7 katarak\",\"publisher\":{\"@id\":\"https:\/\/ridos.com.tr\/#organization\"},\"alternateName\":\"r\u0131dos restorasyon, r\u0131dos in\u015faat\",\"potentialAction\":[{\"@type\":\"SearchAction\",\"target\":{\"@type\":\"EntryPoint\",\"urlTemplate\":\"https:\/\/ridos.com.tr\/?s={search_term_string}\"},\"query-input\":\"required name=search_term_string\"}],\"inLanguage\":\"ru-RU\"},{\"@type\":\"Organization\",\"@id\":\"https:\/\/ridos.com.tr\/#organization\",\"name\":\"RIDOS Grup\",\"url\":\"https:\/\/ridos.com.tr\/\",\"logo\":{\"@type\":\"ImageObject\",\"inLanguage\":\"ru-RU\",\"@id\":\"https:\/\/ridos.com.tr\/#\/schema\/logo\/image\/\",\"url\":\"http:\/\/ridos.com.tr\/wp-content\/uploads\/2023\/05\/ridos-grup-logo.png\",\"contentUrl\":\"http:\/\/ridos.com.tr\/wp-content\/uploads\/2023\/05\/ridos-grup-logo.png\",\"width\":7500,\"height\":6631,\"caption\":\"RIDOS Grup\"},\"image\":{\"@id\":\"https:\/\/ridos.com.tr\/#\/schema\/logo\/image\/\"},\"sameAs\":[\"https:\/\/www.facebook.com\/ridosgrup\/\",\"https:\/\/twitter.com\/ridosgrup\",\"https:\/\/www.instagram.com\/ridosgrup\/\",\"https:\/\/www.youtube.com\/@ridosgrup\"]}]}<\/script>\n<!-- \/ Yoast SEO Premium plugin. -->","yoast_head_json":{"title":"Medya - RIDOS Grup","robots":{"index":"index","follow":"follow","max-snippet":"max-snippet:-1","max-image-preview":"max-image-preview:large","max-video-preview":"max-video-preview:-1"},"canonical":"https:\/\/ridos.com.tr\/ru\/\u0441\u043c\u0438\/","og_locale":"ru_RU","og_type":"article","og_title":"Medya","og_description":"Medya Kurumsal Kimlik \u00a0 Pantone 2766 C CMYK C35 M29 Y0 K50 RGB R38 G54 B128 R\u0131dos Logo ZIP R\u0131dos Kurumsal Kimlik K\u0131lavuzu PDF","og_url":"https:\/\/ridos.com.tr\/ru\/\u0441\u043c\u0438\/","og_site_name":"RIDOS Grup","article_publisher":"https:\/\/www.facebook.com\/ridosgrup\/","article_modified_time":"2023-05-23T07:00:03+00:00","og_image":[{"url":"http:\/\/ridos.com.tr\/wp-content\/uploads\/2023\/05\/Ridos-logo-mockup-1024x683.jpg"}],"twitter_card":"summary_large_image","twitter_site":"@ridosgrup","schema":{"@context":"https:\/\/schema.org","@graph":[{"@type":"WebPage","@id":"https:\/\/ridos.com.tr\/medya\/","url":"https:\/\/ridos.com.tr\/medya\/","name":"Medya - RIDOS Grup","isPartOf":{"@id":"https:\/\/ridos.com.tr\/#website"},"datePublished":"2023-05-22T14:21:28+00:00","dateModified":"2023-05-23T07:00:03+00:00","breadcrumb":{"@id":"https:\/\/ridos.com.tr\/medya\/#breadcrumb"},"inLanguage":"ru-RU","potentialAction":[{"@type":"ReadAction","target":["https:\/\/ridos.com.tr\/medya\/"]}]},{"@type":"BreadcrumbList","@id":"https:\/\/ridos.com.tr\/medya\/#breadcrumb","itemListElement":[{"@type":"ListItem","position":1,"name":"Home","item":"https:\/\/ridos.com.tr\/"},{"@type":"ListItem","position":2,"name":"Medya"}]},{"@type":"WebSite","@id":"https:\/\/ridos.com.tr\/#website","url":"https:\/\/ridos.com.tr\/","name":"RIDOS Grup","description":"Yar\u0131na bug\u00fcnden g\u00fc\u00e7 katarak","publisher":{"@id":"https:\/\/ridos.com.tr\/#organization"},"alternateName":"r\u0131dos restorasyon, r\u0131dos in\u015faat","potentialAction":[{"@type":"SearchAction","target":{"@type":"EntryPoint","urlTemplate":"https:\/\/ridos.com.tr\/?s={search_term_string}"},"query-input":"required name=search_term_string"}],"inLanguage":"ru-RU"},{"@type":"Organization","@id":"https:\/\/ridos.com.tr\/#organization","name":"RIDOS Grup","url":"https:\/\/ridos.com.tr\/","logo":{"@type":"ImageObject","inLanguage":"ru-RU","@id":"https:\/\/ridos.com.tr\/#\/schema\/logo\/image\/","url":"http:\/\/ridos.com.tr\/wp-content\/uploads\/2023\/05\/ridos-grup-logo.png","contentUrl":"http:\/\/ridos.com.tr\/wp-content\/uploads\/2023\/05\/ridos-grup-logo.png","width":7500,"height":6631,"caption":"RIDOS Grup"},"image":{"@id":"https:\/\/ridos.com.tr\/#\/schema\/logo\/image\/"},"sameAs":["https:\/\/www.facebook.com\/ridosgrup\/","https:\/\/twitter.com\/ridosgrup","https:\/\/www.instagram.com\/ridosgrup\/","https:\/\/www.youtube.com\/@ridosgrup"]}]}},"_links":{"self":[{"href":"https:\/\/ridos.com.tr\/ru\/wp-json\/wp\/v2\/pages\/9688","targetHints":{"allow":["GET"]}}],"collection":[{"href":"https:\/\/ridos.com.tr\/ru\/wp-json\/wp\/v2\/pages"}],"about":[{"href":"https:\/\/ridos.com.tr\/ru\/wp-json\/wp\/v2\/types\/page"}],"author":[{"embeddable":true,"href":"https:\/\/ridos.com.tr\/ru\/wp-json\/wp\/v2\/users\/1"}],"replies":[{"embeddable":true,"href":"https:\/\/ridos.com.tr\/ru\/wp-json\/wp\/v2\/comments?post=9688"}],"version-history":[{"count":22,"href":"https:\/\/ridos.com.tr\/ru\/wp-json\/wp\/v2\/pages\/9688\/revisions"}],"predecessor-version":[{"id":9719,"href":"https:\/\/ridos.com.tr\/ru\/wp-json\/wp\/v2\/pages\/9688\/revisions\/9719"}],"wp:attachment":[{"href":"https:\/\/ridos.com.tr\/ru\/wp-json\/wp\/v2\/media?parent=9688"}],"curies":[{"name":"wp","href":"https:\/\/api.w.org\/{rel}","templated":true}]}}