{"id":9987,"date":"2023-05-25T10:59:30","date_gmt":"2023-05-25T07:59:30","guid":{"rendered":"http:\/\/ridos.com.tr\/?page_id=9987"},"modified":"2023-05-25T11:08:48","modified_gmt":"2023-05-25T08:08:48","slug":"blog","status":"publish","type":"page","link":"https:\/\/ridos.com.tr\/en\/blog\/","title":{"rendered":"Blog"},"content":{"rendered":"<div data-elementor-type=\"wp-page\" data-elementor-id=\"9987\" class=\"elementor elementor-9987\">\n\t\t\t\t\t\t\t\t\t<section class=\"elementor-section elementor-top-section elementor-element elementor-element-72bbcc4 elementor-section-boxed elementor-section-height-default elementor-section-height-default\" data-id=\"72bbcc4\" data-element_type=\"section\">\n\t\t\t\t\t\t<div class=\"elementor-container elementor-column-gap-extended\">\n\t\t\t\t\t<div class=\"elementor-column elementor-col-50 elementor-top-column elementor-element elementor-element-7f959b3\" data-id=\"7f959b3\" data-element_type=\"column\">\n\t\t\t<div class=\"elementor-widget-wrap elementor-element-populated\">\n\t\t\t\t\t\t\t\t<div class=\"elementor-element elementor-element-5f3ba4a elementor-widget__width-auto elementor-widget elementor-widget-hub_fancy_heading\" data-id=\"5f3ba4a\" data-element_type=\"widget\" data-widget_type=\"hub_fancy_heading.default\">\n\t\t\t\t<div class=\"elementor-widget-container\">\n\t\t\t\n\t\t<div id=\"ld-fancy-heading-69f1b17dc636a\" class=\"ld-fancy-heading pos-rel\">\n\t\t\t<h6 class=\"ld-fh-element d-inline-block pos-rel  elementor-heading-title lqd-highlight-classic lqd-highlight-grow-left h6\"  > Media<\/h6>\t\t<\/div>\n\n\t\t\t\t<\/div>\n\t\t\t\t<\/div>\n\t\t\t\t<div class=\"elementor-element elementor-element-3013de2 elementor-widget elementor-widget-hub_fancy_heading\" data-id=\"3013de2\" data-element_type=\"widget\" data-widget_type=\"hub_fancy_heading.default\">\n\t\t\t\t<div class=\"elementor-widget-container\">\n\t\t\t\n\t\t<div id=\"ld-fancy-heading-69f1b17dc6c85\" class=\"ld-fancy-heading pos-rel\">\n\t\t\t<h1 class=\"ld-fh-element d-inline-block pos-rel  elementor-heading-title lqd-highlight-classic lqd-highlight-grow-left h1\"  > RIDOS Group<\/h1>\t\t<\/div>\n\n\t\t\t\t<\/div>\n\t\t\t\t<\/div>\n\t\t\t\t<div class=\"elementor-element elementor-element-fdbff52 elementor-widget elementor-widget-hub_fancy_heading\" data-id=\"fdbff52\" data-element_type=\"widget\" data-widget_type=\"hub_fancy_heading.default\">\n\t\t\t\t<div class=\"elementor-widget-container\">\n\t\t\t\n\t\t<div id=\"ld-fancy-heading-69f1b17dc7284\" class=\"ld-fancy-heading pos-rel\">\n\t\t\t<h1 class=\"ld-fh-element d-inline-block pos-rel  elementor-heading-title lqd-highlight-classic lqd-highlight-grow-left h1\"  > Blog<\/h1>\t\t<\/div>\n\n\t\t\t\t<\/div>\n\t\t\t\t<\/div>\n\t\t\t\t\t<\/div>\n\t\t<\/div>\n\t\t\t\t<div class=\"elementor-column elementor-col-50 elementor-top-column elementor-element elementor-element-2da501c\" data-id=\"2da501c\" data-element_type=\"column\">\n\t\t\t<div class=\"elementor-widget-wrap\">\n\t\t\t\t\t\t\t\t\t<\/div>\n\t\t<\/div>\n\t\t\t\t\t\t\t<\/div>\n\t\t<\/section>\n\t\t<div class=\"elementor-element elementor-element-b29c749 e-flex e-con-boxed e-con e-parent\" data-id=\"b29c749\" data-element_type=\"container\" data-settings=\"{&quot;content_width&quot;:&quot;boxed&quot;}\" data-core-v316-plus=\"true\">\n\t\t\t\t\t<div class=\"e-con-inner\">\n\t\t\t\t<div class=\"elementor-element elementor-element-af82df9 elementor-widget elementor-widget-ld_blog\" data-id=\"af82df9\" data-element_type=\"widget\" data-widget_type=\"ld_blog.default\">\n\t\t\t\t<div class=\"elementor-widget-container\">\n\t\t\t<div class=\"lqd-lp-grid af82df9 blog-id-184036857\"><div class=\"lqd-lp-row d-flex flex-wrap row pos-rel\" ><div class=\"lqd-lp-column d-flex flex-column col-md-12 blog haberler\"><article id=\"post-9969\" class=\"lqd-lp pos-rel lqd-lp-style-10 lqd-lp-hover-img-zoom lqd-lp-title-highlight text-start post-9969 post type-post status-publish format-standard has-post-thumbnail hentry category-blog category-haberler\"><div class=\"lqd-lp-img pos-rel mb-4 overflow-hidden\">\n\t<figure class=\"pos-rel overflow-hidden\"><img decoding=\"async\" width=\"600\" height=\"533\" src=\"https:\/\/ridos.com.tr\/wp-content\/uploads\/2023\/05\/tarihi-binalarin-restorasyonun-onemi.jpg\" class=\"w-100 wp-post-image\" alt=\"\" srcset=\"https:\/\/ridos.com.tr\/wp-content\/uploads\/2023\/05\/tarihi-binalarin-restorasyonun-onemi.jpg 600w, https:\/\/ridos.com.tr\/wp-content\/uploads\/2023\/05\/tarihi-binalarin-restorasyonun-onemi-300x267.jpg 300w, https:\/\/ridos.com.tr\/wp-content\/uploads\/2023\/05\/tarihi-binalarin-restorasyonun-onemi-14x12.jpg 14w\" sizes=\"(max-width: 600px) 100vw, 600px\" \/><\/figure>\t<footer class=\"lqd-lp-footer d-flex align-items-end justify-content-end pos-abs w-100 h-100\">\n\n\t\t<a href=\"https:\/\/ridos.com.tr\/en\/historical-buildings-restoration-want-you-need-to-know\/\" class=\"btn btn-solid border-none btn-xsm text-uppercase\">\n\t\t\t<span class=\"btn-txt\">read<\/span>\n\t\t\t<span class=\"btn-icon\">\n\t\t\t\t<i class=\"lqd-icn-ess icon-ion-ios-add\"><\/i>\n\t\t\t<\/span>\n\t\t<\/a>\n\n\t<\/footer>\n\n<\/div>\n\n<div class=\"lqd-lp-meta d-flex align-items-center p-0 mb-3\">\n\t\n\t\n<\/div>\n\n<header class=\"lqd-lp-header mt-2 mb-3\">\n\t<h2 class=\"lqd-lp-title h5 m-0 pos-rel z-index-2\">\n\t\t<a href=\"https:\/\/ridos.com.tr\/en\/historical-buildings-restoration-want-you-need-to-know\/\" data-split-text=\"true\" data-split-options='{\"type\": \"lines\", \"disableOnMobile\": true}'>Restoring Historic Buildings: Here&#039;s What You Need to Know<\/a>\n\t<\/h2>\n<\/header>\n\n<a  href=\"https:\/\/ridos.com.tr\/en\/historical-buildings-restoration-want-you-need-to-know\/\" class=\"lqd-lp-overlay-link lqd-overlay z-index-2\"><\/a><\/article><\/div><\/div><!--\/ .row --><\/div><!--\/ .lqd-lp-grid -->\t\t<\/div>\n\t\t\t\t<\/div>\n\t\t\t\t\t<\/div>\n\t\t\t\t<\/div>\n\t\t\t\t\t\t\t<\/div>","protected":false},"excerpt":{"rendered":"<p>Media RIDOS Group Read blog Restoring Historic Buildings: Here&#039;s What You Need to Know<\/p>","protected":false},"author":1,"featured_media":0,"parent":0,"menu_order":0,"comment_status":"closed","ping_status":"closed","template":"","meta":{"footnotes":""},"class_list":["post-9987","page","type-page","status-publish","hentry"],"yoast_head":"<!-- This site is optimized with the Yoast SEO Premium plugin v20.6 (Yoast SEO v21.2) - https:\/\/yoast.com\/wordpress\/plugins\/seo\/ -->\n<title>Blog - RIDOS Grup<\/title>\n<meta name=\"robots\" content=\"index, follow, max-snippet:-1, max-image-preview:large, max-video-preview:-1\" \/>\n<link rel=\"canonical\" href=\"https:\/\/ridos.com.tr\/en\/blog\/\" \/>\n<meta property=\"og:locale\" content=\"en_US\" \/>\n<meta property=\"og:type\" content=\"article\" \/>\n<meta property=\"og:title\" content=\"Blog\" \/>\n<meta property=\"og:description\" content=\"Medya RIDOS Grup Blog oku Tarihi Binalar\u0131n Restorasyonu: \u0130\u015fte Bilmeniz Gerekenler\" \/>\n<meta property=\"og:url\" content=\"https:\/\/ridos.com.tr\/en\/blog\/\" \/>\n<meta property=\"og:site_name\" content=\"RIDOS Grup\" \/>\n<meta property=\"article:publisher\" content=\"https:\/\/www.facebook.com\/ridosgrup\/\" \/>\n<meta property=\"article:modified_time\" content=\"2023-05-25T08:08:48+00:00\" \/>\n<meta property=\"og:image\" content=\"http:\/\/ridos.com.tr\/wp-content\/uploads\/2023\/05\/tarihi-binalarin-restorasyonu.jpeg\" \/>\n<meta name=\"twitter:card\" content=\"summary_large_image\" \/>\n<meta name=\"twitter:site\" content=\"@ridosgrup\" \/>\n<meta name=\"twitter:label1\" content=\"Est. reading time\" \/>\n\t<meta name=\"twitter:data1\" content=\"1 minute\" \/>\n<script type=\"application\/ld+json\" class=\"yoast-schema-graph\">{\"@context\":\"https:\/\/schema.org\",\"@graph\":[{\"@type\":\"WebPage\",\"@id\":\"https:\/\/ridos.com.tr\/en\/blog\/\",\"url\":\"https:\/\/ridos.com.tr\/en\/blog\/\",\"name\":\"Blog - RIDOS Grup\",\"isPartOf\":{\"@id\":\"https:\/\/ridos.com.tr\/#website\"},\"datePublished\":\"2023-05-25T07:59:30+00:00\",\"dateModified\":\"2023-05-25T08:08:48+00:00\",\"breadcrumb\":{\"@id\":\"https:\/\/ridos.com.tr\/en\/blog\/#breadcrumb\"},\"inLanguage\":\"en-US\",\"potentialAction\":[{\"@type\":\"ReadAction\",\"target\":[\"https:\/\/ridos.com.tr\/en\/blog\/\"]}]},{\"@type\":\"BreadcrumbList\",\"@id\":\"https:\/\/ridos.com.tr\/en\/blog\/#breadcrumb\",\"itemListElement\":[{\"@type\":\"ListItem\",\"position\":1,\"name\":\"Home\",\"item\":\"https:\/\/ridos.com.tr\/\"},{\"@type\":\"ListItem\",\"position\":2,\"name\":\"Blog\"}]},{\"@type\":\"WebSite\",\"@id\":\"https:\/\/ridos.com.tr\/#website\",\"url\":\"https:\/\/ridos.com.tr\/\",\"name\":\"RIDOS Grup\",\"description\":\"Yar\u0131na bug\u00fcnden g\u00fc\u00e7 katarak\",\"publisher\":{\"@id\":\"https:\/\/ridos.com.tr\/#organization\"},\"alternateName\":\"r\u0131dos restorasyon, r\u0131dos in\u015faat\",\"potentialAction\":[{\"@type\":\"SearchAction\",\"target\":{\"@type\":\"EntryPoint\",\"urlTemplate\":\"https:\/\/ridos.com.tr\/?s={search_term_string}\"},\"query-input\":\"required name=search_term_string\"}],\"inLanguage\":\"en-US\"},{\"@type\":\"Organization\",\"@id\":\"https:\/\/ridos.com.tr\/#organization\",\"name\":\"RIDOS Grup\",\"url\":\"https:\/\/ridos.com.tr\/\",\"logo\":{\"@type\":\"ImageObject\",\"inLanguage\":\"en-US\",\"@id\":\"https:\/\/ridos.com.tr\/#\/schema\/logo\/image\/\",\"url\":\"http:\/\/ridos.com.tr\/wp-content\/uploads\/2023\/05\/ridos-grup-logo.png\",\"contentUrl\":\"http:\/\/ridos.com.tr\/wp-content\/uploads\/2023\/05\/ridos-grup-logo.png\",\"width\":7500,\"height\":6631,\"caption\":\"RIDOS Grup\"},\"image\":{\"@id\":\"https:\/\/ridos.com.tr\/#\/schema\/logo\/image\/\"},\"sameAs\":[\"https:\/\/www.facebook.com\/ridosgrup\/\",\"https:\/\/twitter.com\/ridosgrup\",\"https:\/\/www.instagram.com\/ridosgrup\/\",\"https:\/\/www.youtube.com\/@ridosgrup\"]}]}<\/script>\n<!-- \/ Yoast SEO Premium plugin. -->","yoast_head_json":{"title":"Blog - RIDOS Grup","robots":{"index":"index","follow":"follow","max-snippet":"max-snippet:-1","max-image-preview":"max-image-preview:large","max-video-preview":"max-video-preview:-1"},"canonical":"https:\/\/ridos.com.tr\/en\/blog\/","og_locale":"en_US","og_type":"article","og_title":"Blog","og_description":"Medya RIDOS Grup Blog oku Tarihi Binalar\u0131n Restorasyonu: \u0130\u015fte Bilmeniz Gerekenler","og_url":"https:\/\/ridos.com.tr\/en\/blog\/","og_site_name":"RIDOS Grup","article_publisher":"https:\/\/www.facebook.com\/ridosgrup\/","article_modified_time":"2023-05-25T08:08:48+00:00","og_image":[{"url":"http:\/\/ridos.com.tr\/wp-content\/uploads\/2023\/05\/tarihi-binalarin-restorasyonu.jpeg"}],"twitter_card":"summary_large_image","twitter_site":"@ridosgrup","twitter_misc":{"Est. reading time":"1 minute"},"schema":{"@context":"https:\/\/schema.org","@graph":[{"@type":"WebPage","@id":"https:\/\/ridos.com.tr\/en\/blog\/","url":"https:\/\/ridos.com.tr\/en\/blog\/","name":"Blog - RIDOS Grup","isPartOf":{"@id":"https:\/\/ridos.com.tr\/#website"},"datePublished":"2023-05-25T07:59:30+00:00","dateModified":"2023-05-25T08:08:48+00:00","breadcrumb":{"@id":"https:\/\/ridos.com.tr\/en\/blog\/#breadcrumb"},"inLanguage":"en-US","potentialAction":[{"@type":"ReadAction","target":["https:\/\/ridos.com.tr\/en\/blog\/"]}]},{"@type":"BreadcrumbList","@id":"https:\/\/ridos.com.tr\/en\/blog\/#breadcrumb","itemListElement":[{"@type":"ListItem","position":1,"name":"Home","item":"https:\/\/ridos.com.tr\/"},{"@type":"ListItem","position":2,"name":"Blog"}]},{"@type":"WebSite","@id":"https:\/\/ridos.com.tr\/#website","url":"https:\/\/ridos.com.tr\/","name":"RIDOS Grup","description":"Yar\u0131na bug\u00fcnden g\u00fc\u00e7 katarak","publisher":{"@id":"https:\/\/ridos.com.tr\/#organization"},"alternateName":"r\u0131dos restorasyon, r\u0131dos in\u015faat","potentialAction":[{"@type":"SearchAction","target":{"@type":"EntryPoint","urlTemplate":"https:\/\/ridos.com.tr\/?s={search_term_string}"},"query-input":"required name=search_term_string"}],"inLanguage":"en-US"},{"@type":"Organization","@id":"https:\/\/ridos.com.tr\/#organization","name":"RIDOS Grup","url":"https:\/\/ridos.com.tr\/","logo":{"@type":"ImageObject","inLanguage":"en-US","@id":"https:\/\/ridos.com.tr\/#\/schema\/logo\/image\/","url":"http:\/\/ridos.com.tr\/wp-content\/uploads\/2023\/05\/ridos-grup-logo.png","contentUrl":"http:\/\/ridos.com.tr\/wp-content\/uploads\/2023\/05\/ridos-grup-logo.png","width":7500,"height":6631,"caption":"RIDOS Grup"},"image":{"@id":"https:\/\/ridos.com.tr\/#\/schema\/logo\/image\/"},"sameAs":["https:\/\/www.facebook.com\/ridosgrup\/","https:\/\/twitter.com\/ridosgrup","https:\/\/www.instagram.com\/ridosgrup\/","https:\/\/www.youtube.com\/@ridosgrup"]}]}},"_links":{"self":[{"href":"https:\/\/ridos.com.tr\/en\/wp-json\/wp\/v2\/pages\/9987","targetHints":{"allow":["GET"]}}],"collection":[{"href":"https:\/\/ridos.com.tr\/en\/wp-json\/wp\/v2\/pages"}],"about":[{"href":"https:\/\/ridos.com.tr\/en\/wp-json\/wp\/v2\/types\/page"}],"author":[{"embeddable":true,"href":"https:\/\/ridos.com.tr\/en\/wp-json\/wp\/v2\/users\/1"}],"replies":[{"embeddable":true,"href":"https:\/\/ridos.com.tr\/en\/wp-json\/wp\/v2\/comments?post=9987"}],"version-history":[{"count":11,"href":"https:\/\/ridos.com.tr\/en\/wp-json\/wp\/v2\/pages\/9987\/revisions"}],"predecessor-version":[{"id":10003,"href":"https:\/\/ridos.com.tr\/en\/wp-json\/wp\/v2\/pages\/9987\/revisions\/10003"}],"wp:attachment":[{"href":"https:\/\/ridos.com.tr\/en\/wp-json\/wp\/v2\/media?parent=9987"}],"curies":[{"name":"wp","href":"https:\/\/api.w.org\/{rel}","templated":true}]}}