{"id":9742,"date":"2023-05-23T10:18:00","date_gmt":"2023-05-23T07:18:00","guid":{"rendered":"http:\/\/ridos.com.tr\/?page_id=9742"},"modified":"2023-05-25T11:20:55","modified_gmt":"2023-05-25T08:20:55","slug":"kariyer","status":"publish","type":"page","link":"https:\/\/ridos.com.tr\/en\/career\/","title":{"rendered":"Career"},"content":{"rendered":"<div data-elementor-type=\"wp-page\" data-elementor-id=\"9742\" class=\"elementor elementor-9742\">\n\t\t\t\t\t\t\t\t\t<section class=\"elementor-section elementor-top-section elementor-element elementor-element-6114d2ab elementor-section-boxed elementor-section-height-default elementor-section-height-default\" data-id=\"6114d2ab\" data-element_type=\"section\" data-settings=\"{&quot;background_background&quot;:&quot;classic&quot;}\">\n\t\t\t\t\t\t<div class=\"elementor-container elementor-column-gap-default\">\n\t\t\t\t\t<div class=\"elementor-column elementor-col-50 elementor-top-column elementor-element elementor-element-5f6694f8\" data-id=\"5f6694f8\" data-element_type=\"column\">\n\t\t\t<div class=\"elementor-widget-wrap elementor-element-populated\">\n\t\t\t\t\t\t\t\t<div class=\"elementor-element elementor-element-25d4ffe6 elementor-widget__width-auto elementor-widget elementor-widget-hub_fancy_heading\" data-id=\"25d4ffe6\" data-element_type=\"widget\" data-widget_type=\"hub_fancy_heading.default\">\n\t\t\t\t<div class=\"elementor-widget-container\">\n\t\t\t\n\t\t<div id=\"ld-fancy-heading-69dfb471890c3\" class=\"ld-fancy-heading pos-rel\">\n\t\t\t<h6 class=\"ld-fh-element d-inline-block pos-rel  elementor-heading-title lqd-highlight-classic lqd-highlight-grow-left h6\"  > HR<\/h6>\t\t<\/div>\n\n\t\t\t\t<\/div>\n\t\t\t\t<\/div>\n\t\t\t\t<div class=\"elementor-element elementor-element-7e5c2cda elementor-widget elementor-widget-hub_fancy_heading\" data-id=\"7e5c2cda\" data-element_type=\"widget\" data-widget_type=\"hub_fancy_heading.default\">\n\t\t\t\t<div class=\"elementor-widget-container\">\n\t\t\t\n\t\t<div id=\"ld-fancy-heading-69dfb471896f1\" class=\"ld-fancy-heading pos-rel\">\n\t\t\t<h1 class=\"ld-fh-element d-inline-block pos-rel  elementor-heading-title lqd-highlight-classic lqd-highlight-grow-left h1\"  data-text-rotator=\"true\" >  <span class=\"txt-rotate-keywords\"><span class=\"txt-rotate-keyword active\" ><span>Human Resources<\/span><\/span><span class=\"txt-rotate-keyword\" ><span>Career Management<\/span><\/span><\/span><\/h1>\t\t<\/div>\n\n\t\t\t\t<\/div>\n\t\t\t\t<\/div>\n\t\t\t\t<div class=\"elementor-element elementor-element-658a8302 elementor-widget elementor-widget-hub_fancy_heading\" data-id=\"658a8302\" data-element_type=\"widget\" data-widget_type=\"hub_fancy_heading.default\">\n\t\t\t\t<div class=\"elementor-widget-container\">\n\t\t\t\n\t\t<div id=\"ld-fancy-heading-69dfb47189be7\" class=\"ld-fancy-heading pos-rel\">\n\t\t\t<p class=\"ld-fh-element d-inline-block pos-rel  lqd-highlight-classic lqd-highlight-grow-left p\"  > R\u0131dos Group continues its activities by believing that human resources are the most valuable capital and adhering to the &quot;Strategic Human Resources Management&quot; approach. Our company adopts the mission of &quot;Creating value for our employees&quot; and carries out continuous improvement studies.<\/p>\t\t<\/div>\n\n\t\t\t\t<\/div>\n\t\t\t\t<\/div>\n\t\t\t\t\t<\/div>\n\t\t<\/div>\n\t\t\t\t<div class=\"elementor-column elementor-col-50 elementor-top-column elementor-element elementor-element-1d076aad\" data-id=\"1d076aad\" data-element_type=\"column\">\n\t\t\t<div class=\"elementor-widget-wrap\">\n\t\t\t\t\t\t\t\t\t<\/div>\n\t\t<\/div>\n\t\t\t\t\t\t\t<\/div>\n\t\t<\/section>\n\t\t\t\t\t\t\t<\/div>","protected":false},"excerpt":{"rendered":"<p>\u0130K \u0130nsan Kaynaklar\u0131Kariyer Y\u00f6netimi R\u0131dos Grup, insan kayna\u011f\u0131n\u0131n en de\u011ferli sermayesi oldu\u011funa inanarak ve &#8220;Stratejik \u0130nsan Kaynaklar\u0131 Y\u00f6netimi&#8221; anlay\u0131\u015f\u0131na ba\u011fl\u0131 kalarak faaliyetlerini s\u00fcrd\u00fcrmektedir. \u015eirketimiz, &#8220;\u00c7al\u0131\u015fanlar\u0131m\u0131z i\u00e7in de\u011fer yaratmak&#8221; misyonunu benimseyerek s\u00fcrekli olarak iyile\u015ftirme \u00e7al\u0131\u015fmalar\u0131 yapmaktad\u0131r. [awsmjobs]<\/p>","protected":false},"author":1,"featured_media":0,"parent":0,"menu_order":0,"comment_status":"closed","ping_status":"closed","template":"","meta":{"footnotes":""},"class_list":["post-9742","page","type-page","status-publish","hentry"],"yoast_head":"<!-- This site is optimized with the Yoast SEO Premium plugin v20.6 (Yoast SEO v21.2) - https:\/\/yoast.com\/wordpress\/plugins\/seo\/ -->\n<title>Kariyer - RIDOS Grup<\/title>\n<meta name=\"robots\" content=\"index, follow, max-snippet:-1, max-image-preview:large, max-video-preview:-1\" \/>\n<link rel=\"canonical\" href=\"https:\/\/ridos.com.tr\/en\/career\/\" \/>\n<meta property=\"og:locale\" content=\"en_US\" \/>\n<meta property=\"og:type\" content=\"article\" \/>\n<meta property=\"og:title\" content=\"Kariyer\" \/>\n<meta property=\"og:description\" content=\"\u0130K \u0130nsan Kaynaklar\u0131Kariyer Y\u00f6netimi R\u0131dos Grup, insan kayna\u011f\u0131n\u0131n en de\u011ferli sermayesi oldu\u011funa inanarak ve &#8220;Stratejik \u0130nsan Kaynaklar\u0131 Y\u00f6netimi&#8221; anlay\u0131\u015f\u0131na ba\u011fl\u0131 kalarak faaliyetlerini s\u00fcrd\u00fcrmektedir. \u015eirketimiz, &#8220;\u00c7al\u0131\u015fanlar\u0131m\u0131z i\u00e7in de\u011fer yaratmak&#8221; misyonunu benimseyerek s\u00fcrekli olarak iyile\u015ftirme \u00e7al\u0131\u015fmalar\u0131 yapmaktad\u0131r. [awsmjobs]\" \/>\n<meta property=\"og:url\" content=\"https:\/\/ridos.com.tr\/en\/career\/\" \/>\n<meta property=\"og:site_name\" content=\"RIDOS Grup\" \/>\n<meta property=\"article:publisher\" content=\"https:\/\/www.facebook.com\/ridosgrup\/\" \/>\n<meta property=\"article:modified_time\" content=\"2023-05-25T08:20:55+00:00\" \/>\n<meta name=\"twitter:card\" content=\"summary_large_image\" \/>\n<meta name=\"twitter:site\" content=\"@ridosgrup\" \/>\n<script type=\"application\/ld+json\" class=\"yoast-schema-graph\">{\"@context\":\"https:\/\/schema.org\",\"@graph\":[{\"@type\":\"WebPage\",\"@id\":\"https:\/\/ridos.com.tr\/kariyer\/\",\"url\":\"https:\/\/ridos.com.tr\/kariyer\/\",\"name\":\"Kariyer - RIDOS Grup\",\"isPartOf\":{\"@id\":\"https:\/\/ridos.com.tr\/#website\"},\"datePublished\":\"2023-05-23T07:18:00+00:00\",\"dateModified\":\"2023-05-25T08:20:55+00:00\",\"breadcrumb\":{\"@id\":\"https:\/\/ridos.com.tr\/kariyer\/#breadcrumb\"},\"inLanguage\":\"en-US\",\"potentialAction\":[{\"@type\":\"ReadAction\",\"target\":[\"https:\/\/ridos.com.tr\/kariyer\/\"]}]},{\"@type\":\"BreadcrumbList\",\"@id\":\"https:\/\/ridos.com.tr\/kariyer\/#breadcrumb\",\"itemListElement\":[{\"@type\":\"ListItem\",\"position\":1,\"name\":\"Home\",\"item\":\"https:\/\/ridos.com.tr\/\"},{\"@type\":\"ListItem\",\"position\":2,\"name\":\"Kariyer\"}]},{\"@type\":\"WebSite\",\"@id\":\"https:\/\/ridos.com.tr\/#website\",\"url\":\"https:\/\/ridos.com.tr\/\",\"name\":\"RIDOS Grup\",\"description\":\"Yar\u0131na bug\u00fcnden g\u00fc\u00e7 katarak\",\"publisher\":{\"@id\":\"https:\/\/ridos.com.tr\/#organization\"},\"alternateName\":\"r\u0131dos restorasyon, r\u0131dos in\u015faat\",\"potentialAction\":[{\"@type\":\"SearchAction\",\"target\":{\"@type\":\"EntryPoint\",\"urlTemplate\":\"https:\/\/ridos.com.tr\/?s={search_term_string}\"},\"query-input\":\"required name=search_term_string\"}],\"inLanguage\":\"en-US\"},{\"@type\":\"Organization\",\"@id\":\"https:\/\/ridos.com.tr\/#organization\",\"name\":\"RIDOS Grup\",\"url\":\"https:\/\/ridos.com.tr\/\",\"logo\":{\"@type\":\"ImageObject\",\"inLanguage\":\"en-US\",\"@id\":\"https:\/\/ridos.com.tr\/#\/schema\/logo\/image\/\",\"url\":\"http:\/\/ridos.com.tr\/wp-content\/uploads\/2023\/05\/ridos-grup-logo.png\",\"contentUrl\":\"http:\/\/ridos.com.tr\/wp-content\/uploads\/2023\/05\/ridos-grup-logo.png\",\"width\":7500,\"height\":6631,\"caption\":\"RIDOS Grup\"},\"image\":{\"@id\":\"https:\/\/ridos.com.tr\/#\/schema\/logo\/image\/\"},\"sameAs\":[\"https:\/\/www.facebook.com\/ridosgrup\/\",\"https:\/\/twitter.com\/ridosgrup\",\"https:\/\/www.instagram.com\/ridosgrup\/\",\"https:\/\/www.youtube.com\/@ridosgrup\"]}]}<\/script>\n<!-- \/ Yoast SEO Premium plugin. -->","yoast_head_json":{"title":"Kariyer - RIDOS Grup","robots":{"index":"index","follow":"follow","max-snippet":"max-snippet:-1","max-image-preview":"max-image-preview:large","max-video-preview":"max-video-preview:-1"},"canonical":"https:\/\/ridos.com.tr\/en\/career\/","og_locale":"en_US","og_type":"article","og_title":"Kariyer","og_description":"\u0130K \u0130nsan Kaynaklar\u0131Kariyer Y\u00f6netimi R\u0131dos Grup, insan kayna\u011f\u0131n\u0131n en de\u011ferli sermayesi oldu\u011funa inanarak ve &#8220;Stratejik \u0130nsan Kaynaklar\u0131 Y\u00f6netimi&#8221; anlay\u0131\u015f\u0131na ba\u011fl\u0131 kalarak faaliyetlerini s\u00fcrd\u00fcrmektedir. \u015eirketimiz, &#8220;\u00c7al\u0131\u015fanlar\u0131m\u0131z i\u00e7in de\u011fer yaratmak&#8221; misyonunu benimseyerek s\u00fcrekli olarak iyile\u015ftirme \u00e7al\u0131\u015fmalar\u0131 yapmaktad\u0131r. [awsmjobs]","og_url":"https:\/\/ridos.com.tr\/en\/career\/","og_site_name":"RIDOS Grup","article_publisher":"https:\/\/www.facebook.com\/ridosgrup\/","article_modified_time":"2023-05-25T08:20:55+00:00","twitter_card":"summary_large_image","twitter_site":"@ridosgrup","schema":{"@context":"https:\/\/schema.org","@graph":[{"@type":"WebPage","@id":"https:\/\/ridos.com.tr\/kariyer\/","url":"https:\/\/ridos.com.tr\/kariyer\/","name":"Kariyer - RIDOS Grup","isPartOf":{"@id":"https:\/\/ridos.com.tr\/#website"},"datePublished":"2023-05-23T07:18:00+00:00","dateModified":"2023-05-25T08:20:55+00:00","breadcrumb":{"@id":"https:\/\/ridos.com.tr\/kariyer\/#breadcrumb"},"inLanguage":"en-US","potentialAction":[{"@type":"ReadAction","target":["https:\/\/ridos.com.tr\/kariyer\/"]}]},{"@type":"BreadcrumbList","@id":"https:\/\/ridos.com.tr\/kariyer\/#breadcrumb","itemListElement":[{"@type":"ListItem","position":1,"name":"Home","item":"https:\/\/ridos.com.tr\/"},{"@type":"ListItem","position":2,"name":"Kariyer"}]},{"@type":"WebSite","@id":"https:\/\/ridos.com.tr\/#website","url":"https:\/\/ridos.com.tr\/","name":"RIDOS Grup","description":"Yar\u0131na bug\u00fcnden g\u00fc\u00e7 katarak","publisher":{"@id":"https:\/\/ridos.com.tr\/#organization"},"alternateName":"r\u0131dos restorasyon, r\u0131dos in\u015faat","potentialAction":[{"@type":"SearchAction","target":{"@type":"EntryPoint","urlTemplate":"https:\/\/ridos.com.tr\/?s={search_term_string}"},"query-input":"required name=search_term_string"}],"inLanguage":"en-US"},{"@type":"Organization","@id":"https:\/\/ridos.com.tr\/#organization","name":"RIDOS Grup","url":"https:\/\/ridos.com.tr\/","logo":{"@type":"ImageObject","inLanguage":"en-US","@id":"https:\/\/ridos.com.tr\/#\/schema\/logo\/image\/","url":"http:\/\/ridos.com.tr\/wp-content\/uploads\/2023\/05\/ridos-grup-logo.png","contentUrl":"http:\/\/ridos.com.tr\/wp-content\/uploads\/2023\/05\/ridos-grup-logo.png","width":7500,"height":6631,"caption":"RIDOS Grup"},"image":{"@id":"https:\/\/ridos.com.tr\/#\/schema\/logo\/image\/"},"sameAs":["https:\/\/www.facebook.com\/ridosgrup\/","https:\/\/twitter.com\/ridosgrup","https:\/\/www.instagram.com\/ridosgrup\/","https:\/\/www.youtube.com\/@ridosgrup"]}]}},"_links":{"self":[{"href":"https:\/\/ridos.com.tr\/en\/wp-json\/wp\/v2\/pages\/9742","targetHints":{"allow":["GET"]}}],"collection":[{"href":"https:\/\/ridos.com.tr\/en\/wp-json\/wp\/v2\/pages"}],"about":[{"href":"https:\/\/ridos.com.tr\/en\/wp-json\/wp\/v2\/types\/page"}],"author":[{"embeddable":true,"href":"https:\/\/ridos.com.tr\/en\/wp-json\/wp\/v2\/users\/1"}],"replies":[{"embeddable":true,"href":"https:\/\/ridos.com.tr\/en\/wp-json\/wp\/v2\/comments?post=9742"}],"version-history":[{"count":5,"href":"https:\/\/ridos.com.tr\/en\/wp-json\/wp\/v2\/pages\/9742\/revisions"}],"predecessor-version":[{"id":10010,"href":"https:\/\/ridos.com.tr\/en\/wp-json\/wp\/v2\/pages\/9742\/revisions\/10010"}],"wp:attachment":[{"href":"https:\/\/ridos.com.tr\/en\/wp-json\/wp\/v2\/media?parent=9742"}],"curies":[{"name":"wp","href":"https:\/\/api.w.org\/{rel}","templated":true}]}}