{"id":10009,"date":"2023-05-25T11:20:13","date_gmt":"2023-05-25T08:20:13","guid":{"rendered":"http:\/\/ridos.com.tr\/job-openings\/"},"modified":"2023-05-25T11:20:13","modified_gmt":"2023-05-25T08:20:13","slug":"job-openings","status":"publish","type":"page","link":"https:\/\/ridos.com.tr\/en\/job-openings\/","title":{"rendered":"Jobs"},"content":{"rendered":"<p>[awsmjobs]<\/p>","protected":false},"excerpt":{"rendered":"<p>[awsmjobs]<\/p>","protected":false},"author":1,"featured_media":0,"parent":0,"menu_order":0,"comment_status":"closed","ping_status":"closed","template":"","meta":{"footnotes":""},"class_list":["post-10009","page","type-page","status-publish","hentry"],"yoast_head":"<!-- This site is optimized with the Yoast SEO Premium plugin v20.6 (Yoast SEO v21.2) - https:\/\/yoast.com\/wordpress\/plugins\/seo\/ -->\n<title>Jobs - RIDOS Grup<\/title>\n<meta name=\"robots\" content=\"index, follow, max-snippet:-1, max-image-preview:large, max-video-preview:-1\" \/>\n<link rel=\"canonical\" href=\"https:\/\/ridos.com.tr\/en\/job-openings\/\" \/>\n<meta property=\"og:locale\" content=\"en_US\" \/>\n<meta property=\"og:type\" content=\"article\" \/>\n<meta property=\"og:title\" content=\"Jobs\" \/>\n<meta property=\"og:description\" content=\"[awsmjobs]\" \/>\n<meta property=\"og:url\" content=\"https:\/\/ridos.com.tr\/en\/job-openings\/\" \/>\n<meta property=\"og:site_name\" content=\"RIDOS Grup\" \/>\n<meta property=\"article:publisher\" content=\"https:\/\/www.facebook.com\/ridosgrup\/\" \/>\n<meta name=\"twitter:card\" content=\"summary_large_image\" \/>\n<meta name=\"twitter:site\" content=\"@ridosgrup\" \/>\n<script type=\"application\/ld+json\" class=\"yoast-schema-graph\">{\"@context\":\"https:\/\/schema.org\",\"@graph\":[{\"@type\":\"WebPage\",\"@id\":\"https:\/\/ridos.com.tr\/job-openings\/\",\"url\":\"https:\/\/ridos.com.tr\/job-openings\/\",\"name\":\"Jobs - RIDOS Grup\",\"isPartOf\":{\"@id\":\"https:\/\/ridos.com.tr\/#website\"},\"datePublished\":\"2023-05-25T08:20:13+00:00\",\"dateModified\":\"2023-05-25T08:20:13+00:00\",\"breadcrumb\":{\"@id\":\"https:\/\/ridos.com.tr\/job-openings\/#breadcrumb\"},\"inLanguage\":\"en-US\",\"potentialAction\":[{\"@type\":\"ReadAction\",\"target\":[\"https:\/\/ridos.com.tr\/job-openings\/\"]}]},{\"@type\":\"BreadcrumbList\",\"@id\":\"https:\/\/ridos.com.tr\/job-openings\/#breadcrumb\",\"itemListElement\":[{\"@type\":\"ListItem\",\"position\":1,\"name\":\"Home\",\"item\":\"https:\/\/ridos.com.tr\/\"},{\"@type\":\"ListItem\",\"position\":2,\"name\":\"Jobs\"}]},{\"@type\":\"WebSite\",\"@id\":\"https:\/\/ridos.com.tr\/#website\",\"url\":\"https:\/\/ridos.com.tr\/\",\"name\":\"RIDOS Grup\",\"description\":\"Yar\u0131na bug\u00fcnden g\u00fc\u00e7 katarak\",\"publisher\":{\"@id\":\"https:\/\/ridos.com.tr\/#organization\"},\"alternateName\":\"r\u0131dos restorasyon, r\u0131dos in\u015faat\",\"potentialAction\":[{\"@type\":\"SearchAction\",\"target\":{\"@type\":\"EntryPoint\",\"urlTemplate\":\"https:\/\/ridos.com.tr\/?s={search_term_string}\"},\"query-input\":\"required name=search_term_string\"}],\"inLanguage\":\"en-US\"},{\"@type\":\"Organization\",\"@id\":\"https:\/\/ridos.com.tr\/#organization\",\"name\":\"RIDOS Grup\",\"url\":\"https:\/\/ridos.com.tr\/\",\"logo\":{\"@type\":\"ImageObject\",\"inLanguage\":\"en-US\",\"@id\":\"https:\/\/ridos.com.tr\/#\/schema\/logo\/image\/\",\"url\":\"http:\/\/ridos.com.tr\/wp-content\/uploads\/2023\/05\/ridos-grup-logo.png\",\"contentUrl\":\"http:\/\/ridos.com.tr\/wp-content\/uploads\/2023\/05\/ridos-grup-logo.png\",\"width\":7500,\"height\":6631,\"caption\":\"RIDOS Grup\"},\"image\":{\"@id\":\"https:\/\/ridos.com.tr\/#\/schema\/logo\/image\/\"},\"sameAs\":[\"https:\/\/www.facebook.com\/ridosgrup\/\",\"https:\/\/twitter.com\/ridosgrup\",\"https:\/\/www.instagram.com\/ridosgrup\/\",\"https:\/\/www.youtube.com\/@ridosgrup\"]}]}<\/script>\n<!-- \/ Yoast SEO Premium plugin. -->","yoast_head_json":{"title":"Jobs - RIDOS Grup","robots":{"index":"index","follow":"follow","max-snippet":"max-snippet:-1","max-image-preview":"max-image-preview:large","max-video-preview":"max-video-preview:-1"},"canonical":"https:\/\/ridos.com.tr\/en\/job-openings\/","og_locale":"en_US","og_type":"article","og_title":"Jobs","og_description":"[awsmjobs]","og_url":"https:\/\/ridos.com.tr\/en\/job-openings\/","og_site_name":"RIDOS Grup","article_publisher":"https:\/\/www.facebook.com\/ridosgrup\/","twitter_card":"summary_large_image","twitter_site":"@ridosgrup","schema":{"@context":"https:\/\/schema.org","@graph":[{"@type":"WebPage","@id":"https:\/\/ridos.com.tr\/job-openings\/","url":"https:\/\/ridos.com.tr\/job-openings\/","name":"Jobs - RIDOS Grup","isPartOf":{"@id":"https:\/\/ridos.com.tr\/#website"},"datePublished":"2023-05-25T08:20:13+00:00","dateModified":"2023-05-25T08:20:13+00:00","breadcrumb":{"@id":"https:\/\/ridos.com.tr\/job-openings\/#breadcrumb"},"inLanguage":"en-US","potentialAction":[{"@type":"ReadAction","target":["https:\/\/ridos.com.tr\/job-openings\/"]}]},{"@type":"BreadcrumbList","@id":"https:\/\/ridos.com.tr\/job-openings\/#breadcrumb","itemListElement":[{"@type":"ListItem","position":1,"name":"Home","item":"https:\/\/ridos.com.tr\/"},{"@type":"ListItem","position":2,"name":"Jobs"}]},{"@type":"WebSite","@id":"https:\/\/ridos.com.tr\/#website","url":"https:\/\/ridos.com.tr\/","name":"RIDOS Grup","description":"Yar\u0131na bug\u00fcnden g\u00fc\u00e7 katarak","publisher":{"@id":"https:\/\/ridos.com.tr\/#organization"},"alternateName":"r\u0131dos restorasyon, r\u0131dos in\u015faat","potentialAction":[{"@type":"SearchAction","target":{"@type":"EntryPoint","urlTemplate":"https:\/\/ridos.com.tr\/?s={search_term_string}"},"query-input":"required name=search_term_string"}],"inLanguage":"en-US"},{"@type":"Organization","@id":"https:\/\/ridos.com.tr\/#organization","name":"RIDOS Grup","url":"https:\/\/ridos.com.tr\/","logo":{"@type":"ImageObject","inLanguage":"en-US","@id":"https:\/\/ridos.com.tr\/#\/schema\/logo\/image\/","url":"http:\/\/ridos.com.tr\/wp-content\/uploads\/2023\/05\/ridos-grup-logo.png","contentUrl":"http:\/\/ridos.com.tr\/wp-content\/uploads\/2023\/05\/ridos-grup-logo.png","width":7500,"height":6631,"caption":"RIDOS Grup"},"image":{"@id":"https:\/\/ridos.com.tr\/#\/schema\/logo\/image\/"},"sameAs":["https:\/\/www.facebook.com\/ridosgrup\/","https:\/\/twitter.com\/ridosgrup","https:\/\/www.instagram.com\/ridosgrup\/","https:\/\/www.youtube.com\/@ridosgrup"]}]}},"_links":{"self":[{"href":"https:\/\/ridos.com.tr\/en\/wp-json\/wp\/v2\/pages\/10009","targetHints":{"allow":["GET"]}}],"collection":[{"href":"https:\/\/ridos.com.tr\/en\/wp-json\/wp\/v2\/pages"}],"about":[{"href":"https:\/\/ridos.com.tr\/en\/wp-json\/wp\/v2\/types\/page"}],"author":[{"embeddable":true,"href":"https:\/\/ridos.com.tr\/en\/wp-json\/wp\/v2\/users\/1"}],"replies":[{"embeddable":true,"href":"https:\/\/ridos.com.tr\/en\/wp-json\/wp\/v2\/comments?post=10009"}],"version-history":[{"count":0,"href":"https:\/\/ridos.com.tr\/en\/wp-json\/wp\/v2\/pages\/10009\/revisions"}],"wp:attachment":[{"href":"https:\/\/ridos.com.tr\/en\/wp-json\/wp\/v2\/media?parent=10009"}],"curies":[{"name":"wp","href":"https:\/\/api.w.org\/{rel}","templated":true}]}}